{"id":1804,"date":"2021-11-11T18:54:09","date_gmt":"2021-11-11T17:54:09","guid":{"rendered":"http:\/\/www.clg-joliot-curie-bagneux.ac-versailles.fr\/?page_id=1804"},"modified":"2021-11-11T18:54:09","modified_gmt":"2021-11-11T17:54:09","slug":"elevetonblob","status":"publish","type":"page","link":"https:\/\/clg-joliot-curie-bagneux.ac-versailles.fr\/?page_id=1804","title":{"rendered":"#EleveTonBlob"},"content":{"rendered":"<div class=\"pdfprnt-buttons pdfprnt-buttons-page pdfprnt-top-right\"><a href=\"https:\/\/clg-joliot-curie-bagneux.ac-versailles.fr\/index.php?rest_route=%2Fwp%2Fv2%2Fpages%2F1804&print=pdf\" class=\"pdfprnt-button pdfprnt-button-pdf\" target=\"_blank\" ><img decoding=\"async\" src=\"https:\/\/clg-joliot-curie-bagneux.ac-versailles.fr\/wp-content\/plugins\/pdf-print\/images\/pdf.png\" alt=\"image_pdf\" title=\"Afficher le PDF\" \/><\/a><a href=\"https:\/\/clg-joliot-curie-bagneux.ac-versailles.fr\/index.php?rest_route=%2Fwp%2Fv2%2Fpages%2F1804&print=print\" class=\"pdfprnt-button pdfprnt-button-print\" target=\"_blank\" ><img decoding=\"async\" src=\"https:\/\/clg-joliot-curie-bagneux.ac-versailles.fr\/wp-content\/plugins\/pdf-print\/images\/print.png\" alt=\"image_print\" title=\"Contenu imprim\u00e9\" \/><\/a><\/div><p>Le projet #EleveTonBlob,\u00a0 racont\u00e9 par les \u00e9l\u00e8ves, c&rsquo;est encore mieux! 2 Episodes ci-dessous!<\/p>\n<p><a href=\"https:\/\/www.youtube.com\/watch?v=Dh5BKjpUk7U\">https:\/\/www.youtube.com\/watch?v=Dh5BKjpUk7U<\/a><\/p>\n<p><a href=\"https:\/\/www.youtube.com\/watch?v=GKOQ5OFeyVs\">https:\/\/www.youtube.com\/watch?v=GKOQ5OFeyVs<\/a><\/p>\n","protected":false},"excerpt":{"rendered":"<p>Le projet #EleveTonBlob,\u00a0 racont\u00e9 par les \u00e9l\u00e8ves, c&rsquo;est encore mieux! 2 Episodes ci-dessous!<\/p>\n","protected":false},"author":2274,"featured_media":0,"parent":0,"menu_order":0,"comment_status":"closed","ping_status":"closed","template":"","meta":{"footnotes":""},"class_list":["post-1804","page","type-page","status-publish","hentry"],"_links":{"self":[{"href":"https:\/\/clg-joliot-curie-bagneux.ac-versailles.fr\/index.php?rest_route=\/wp\/v2\/pages\/1804","targetHints":{"allow":["GET"]}}],"collection":[{"href":"https:\/\/clg-joliot-curie-bagneux.ac-versailles.fr\/index.php?rest_route=\/wp\/v2\/pages"}],"about":[{"href":"https:\/\/clg-joliot-curie-bagneux.ac-versailles.fr\/index.php?rest_route=\/wp\/v2\/types\/page"}],"author":[{"embeddable":true,"href":"https:\/\/clg-joliot-curie-bagneux.ac-versailles.fr\/index.php?rest_route=\/wp\/v2\/users\/2274"}],"replies":[{"embeddable":true,"href":"https:\/\/clg-joliot-curie-bagneux.ac-versailles.fr\/index.php?rest_route=%2Fwp%2Fv2%2Fcomments&post=1804"}],"version-history":[{"count":2,"href":"https:\/\/clg-joliot-curie-bagneux.ac-versailles.fr\/index.php?rest_route=\/wp\/v2\/pages\/1804\/revisions"}],"predecessor-version":[{"id":1919,"href":"https:\/\/clg-joliot-curie-bagneux.ac-versailles.fr\/index.php?rest_route=\/wp\/v2\/pages\/1804\/revisions\/1919"}],"wp:attachment":[{"href":"https:\/\/clg-joliot-curie-bagneux.ac-versailles.fr\/index.php?rest_route=%2Fwp%2Fv2%2Fmedia&parent=1804"}],"curies":[{"name":"wp","href":"https:\/\/api.w.org\/{rel}","templated":true}]}}