{"id":1863,"date":"2022-06-22T10:51:45","date_gmt":"2022-06-22T08:51:45","guid":{"rendered":"http:\/\/www.clg-joliot-curie-bagneux.ac-versailles.fr\/?p=1863"},"modified":"2024-09-23T12:05:21","modified_gmt":"2024-09-23T10:05:21","slug":"generation-2024-graines-de-champions","status":"publish","type":"page","link":"https:\/\/clg-joliot-curie-bagneux.ac-versailles.fr\/?page_id=1863","title":{"rendered":"GENERATION 2024 : GRAINES DE CHAMPIONS"},"content":{"rendered":"<div class=\"pdfprnt-buttons pdfprnt-buttons-page pdfprnt-top-right\"><a href=\"https:\/\/clg-joliot-curie-bagneux.ac-versailles.fr\/index.php?rest_route=%2Fwp%2Fv2%2Fpages%2F1863&print=pdf\" class=\"pdfprnt-button pdfprnt-button-pdf\" target=\"_blank\" ><img decoding=\"async\" src=\"https:\/\/clg-joliot-curie-bagneux.ac-versailles.fr\/wp-content\/plugins\/pdf-print\/images\/pdf.png\" alt=\"image_pdf\" title=\"Afficher le PDF\" \/><\/a><a href=\"https:\/\/clg-joliot-curie-bagneux.ac-versailles.fr\/index.php?rest_route=%2Fwp%2Fv2%2Fpages%2F1863&print=print\" class=\"pdfprnt-button pdfprnt-button-print\" target=\"_blank\" ><img decoding=\"async\" src=\"https:\/\/clg-joliot-curie-bagneux.ac-versailles.fr\/wp-content\/plugins\/pdf-print\/images\/print.png\" alt=\"image_print\" title=\"Contenu imprim\u00e9\" \/><\/a><\/div>\t\t<div data-elementor-type=\"wp-page\" data-elementor-id=\"1863\" class=\"elementor elementor-1863\">\n\t\t\t\t\t\t<section class=\"elementor-section elementor-top-section elementor-element elementor-element-53aaffa3 elementor-section-boxed elementor-section-height-default elementor-section-height-default\" data-id=\"53aaffa3\" data-element_type=\"section\" data-e-type=\"section\">\n\t\t\t\t\t\t<div class=\"elementor-container elementor-column-gap-default\">\n\t\t\t\t\t<div class=\"elementor-column elementor-col-100 elementor-top-column elementor-element elementor-element-5d65136a\" data-id=\"5d65136a\" data-element_type=\"column\" data-e-type=\"column\">\n\t\t\t<div class=\"elementor-widget-wrap elementor-element-populated\">\n\t\t\t\t\t\t<div class=\"elementor-element elementor-element-2b2cfcb1 elementor-widget elementor-widget-text-editor\" data-id=\"2b2cfcb1\" data-element_type=\"widget\" data-e-type=\"widget\" data-widget_type=\"text-editor.default\">\n\t\t\t\t<div class=\"elementor-widget-container\">\n\t\t\t\t\t\t\t\t\tLe coll\u00e8ge Joliot Curie a obtenu le label \u00ab\u00a0G\u00e9n\u00e9rations 2024\u00a0\u00bb,\u00a0 en lien avec les jeux olympiques \u00e0 venir. A cette occasion, et jusqu&rsquo;en 2024, les \u00e9l\u00e8ves du coll\u00e8ge ont l&rsquo;opportunit\u00e9 de participer \u00e0 de nombreux \u00e9v\u00e8nements sportifs !\r\n\r\nCliquez sur l&rsquo;image pour en savoir plus!!\r\n\r\n<a href=\"https:\/\/view.genial.ly\/61fa647965530a0011f92f93\/presentation-generation-2024\"><img fetchpriority=\"high\" decoding=\"async\" class=\"alignnone size-full wp-image-1864\" src=\"http:\/\/clg-joliot-curie-bagneux.ac-versailles.fr\/wp-content\/uploads\/sites\/81\/2022\/06\/generation.png\" alt=\"\" width=\"1054\" height=\"464\" srcset=\"https:\/\/clg-joliot-curie-bagneux.ac-versailles.fr\/wp-content\/uploads\/sites\/81\/2022\/06\/generation.png 1054w, https:\/\/clg-joliot-curie-bagneux.ac-versailles.fr\/wp-content\/uploads\/sites\/81\/2022\/06\/generation-300x132.png 300w, https:\/\/clg-joliot-curie-bagneux.ac-versailles.fr\/wp-content\/uploads\/sites\/81\/2022\/06\/generation-1030x453.png 1030w, https:\/\/clg-joliot-curie-bagneux.ac-versailles.fr\/wp-content\/uploads\/sites\/81\/2022\/06\/generation-768x338.png 768w, https:\/\/clg-joliot-curie-bagneux.ac-versailles.fr\/wp-content\/uploads\/sites\/81\/2022\/06\/generation-803x354.png 803w\" sizes=\"(max-width: 1054px) 100vw, 1054px\" \/><\/a>\t\t\t\t\t\t\t\t<\/div>\n\t\t\t\t<\/div>\n\t\t\t\t\t<\/div>\n\t\t<\/div>\n\t\t\t\t\t<\/div>\n\t\t<\/section>\n\t\t\t\t<section class=\"elementor-section elementor-top-section elementor-element elementor-element-e7d0527 elementor-section-boxed elementor-section-height-default elementor-section-height-default\" data-id=\"e7d0527\" data-element_type=\"section\" data-e-type=\"section\">\n\t\t\t\t\t\t<div class=\"elementor-container elementor-column-gap-default\">\n\t\t\t\t\t<div class=\"elementor-column elementor-col-50 elementor-top-column elementor-element elementor-element-c79000c\" data-id=\"c79000c\" data-element_type=\"column\" data-e-type=\"column\">\n\t\t\t<div class=\"elementor-widget-wrap elementor-element-populated\">\n\t\t\t\t\t\t<div class=\"elementor-element elementor-element-3937732 elementor-widget elementor-widget-image\" data-id=\"3937732\" data-element_type=\"widget\" data-e-type=\"widget\" data-widget_type=\"image.default\">\n\t\t\t\t<div class=\"elementor-widget-container\">\n\t\t\t\t\t\t\t\t\t\t\t\t\t\t\t\t<a href=\"http:\/\/clg-joliot-curie-bagneux.ac-versailles.fr\/?page_id=2118\">\n\t\t\t\t\t\t\t<img decoding=\"async\" width=\"728\" height=\"1030\" src=\"https:\/\/clg-joliot-curie-bagneux.ac-versailles.fr\/wp-content\/uploads\/sites\/81\/2022\/09\/1-5-728x1030.png\" class=\"attachment-large size-large wp-image-2119\" alt=\"\" srcset=\"https:\/\/clg-joliot-curie-bagneux.ac-versailles.fr\/wp-content\/uploads\/sites\/81\/2022\/09\/1-5-728x1030.png 728w, https:\/\/clg-joliot-curie-bagneux.ac-versailles.fr\/wp-content\/uploads\/sites\/81\/2022\/09\/1-5-212x300.png 212w, https:\/\/clg-joliot-curie-bagneux.ac-versailles.fr\/wp-content\/uploads\/sites\/81\/2022\/09\/1-5-768x1086.png 768w, https:\/\/clg-joliot-curie-bagneux.ac-versailles.fr\/wp-content\/uploads\/sites\/81\/2022\/09\/1-5-1086x1536.png 1086w, https:\/\/clg-joliot-curie-bagneux.ac-versailles.fr\/wp-content\/uploads\/sites\/81\/2022\/09\/1-5.png 1414w\" sizes=\"(max-width: 728px) 100vw, 728px\" \/>\t\t\t\t\t\t\t\t<\/a>\n\t\t\t\t\t\t\t\t\t\t\t\t\t\t\t<\/div>\n\t\t\t\t<\/div>\n\t\t\t\t\t<\/div>\n\t\t<\/div>\n\t\t\t\t<div class=\"elementor-column elementor-col-50 elementor-top-column elementor-element elementor-element-d95193f\" data-id=\"d95193f\" data-element_type=\"column\" data-e-type=\"column\">\n\t\t\t<div class=\"elementor-widget-wrap elementor-element-populated\">\n\t\t\t\t\t\t<div class=\"elementor-element elementor-element-0a0f774 elementor-widget elementor-widget-image\" data-id=\"0a0f774\" data-element_type=\"widget\" data-e-type=\"widget\" data-widget_type=\"image.default\">\n\t\t\t\t<div class=\"elementor-widget-container\">\n\t\t\t\t\t\t\t\t\t\t\t\t\t\t\t\t<a href=\"http:\/\/clg-joliot-curie-bagneux.ac-versailles.fr\/?p=3116\">\n\t\t\t\t\t\t\t<img decoding=\"async\" width=\"728\" height=\"1030\" src=\"https:\/\/clg-joliot-curie-bagneux.ac-versailles.fr\/wp-content\/uploads\/sites\/81\/2023\/04\/affiche-semaine-olympique-et-banniere-728x1030.jpg\" class=\"attachment-large size-large wp-image-3117\" alt=\"\" srcset=\"https:\/\/clg-joliot-curie-bagneux.ac-versailles.fr\/wp-content\/uploads\/sites\/81\/2023\/04\/affiche-semaine-olympique-et-banniere-728x1030.jpg 728w, https:\/\/clg-joliot-curie-bagneux.ac-versailles.fr\/wp-content\/uploads\/sites\/81\/2023\/04\/affiche-semaine-olympique-et-banniere-212x300.jpg 212w, https:\/\/clg-joliot-curie-bagneux.ac-versailles.fr\/wp-content\/uploads\/sites\/81\/2023\/04\/affiche-semaine-olympique-et-banniere-768x1086.jpg 768w, https:\/\/clg-joliot-curie-bagneux.ac-versailles.fr\/wp-content\/uploads\/sites\/81\/2023\/04\/affiche-semaine-olympique-et-banniere-1086x1536.jpg 1086w, https:\/\/clg-joliot-curie-bagneux.ac-versailles.fr\/wp-content\/uploads\/sites\/81\/2023\/04\/affiche-semaine-olympique-et-banniere.jpg 1414w\" sizes=\"(max-width: 728px) 100vw, 728px\" \/>\t\t\t\t\t\t\t\t<\/a>\n\t\t\t\t\t\t\t\t\t\t\t\t\t\t\t<\/div>\n\t\t\t\t<\/div>\n\t\t\t\t\t<\/div>\n\t\t<\/div>\n\t\t\t\t\t<\/div>\n\t\t<\/section>\n\t\t\t\t<\/div>\n\t\t","protected":false},"excerpt":{"rendered":"<p>Le coll\u00e8ge Joliot Curie a obtenu le label \u00ab\u00a0G\u00e9n\u00e9rations 2024\u00a0\u00bb,\u00a0 en lien avec les jeux olympiques \u00e0 venir. A cette occasion, et jusqu&rsquo;en 2024, les \u00e9l\u00e8ves du coll\u00e8ge ont l&rsquo;opportunit\u00e9 de participer \u00e0 de nombreux \u00e9v\u00e8nements sportifs ! Cliquez sur l&rsquo;image pour en savoir plus!! \/*! elementor &#8211; v3.5.6 &#8211; 28-02-2022 *\/ .elementor-widget-image{text-align:center}.elementor-widget-image a{display:inline-block}.elementor-widget-image a [&hellip;]<\/p>\n","protected":false},"author":3667,"featured_media":1864,"parent":0,"menu_order":0,"comment_status":"closed","ping_status":"closed","template":"","meta":{"footnotes":""},"class_list":["post-1863","page","type-page","status-publish","has-post-thumbnail","hentry"],"_links":{"self":[{"href":"https:\/\/clg-joliot-curie-bagneux.ac-versailles.fr\/index.php?rest_route=\/wp\/v2\/pages\/1863","targetHints":{"allow":["GET"]}}],"collection":[{"href":"https:\/\/clg-joliot-curie-bagneux.ac-versailles.fr\/index.php?rest_route=\/wp\/v2\/pages"}],"about":[{"href":"https:\/\/clg-joliot-curie-bagneux.ac-versailles.fr\/index.php?rest_route=\/wp\/v2\/types\/page"}],"author":[{"embeddable":true,"href":"https:\/\/clg-joliot-curie-bagneux.ac-versailles.fr\/index.php?rest_route=\/wp\/v2\/users\/3667"}],"replies":[{"embeddable":true,"href":"https:\/\/clg-joliot-curie-bagneux.ac-versailles.fr\/index.php?rest_route=%2Fwp%2Fv2%2Fcomments&post=1863"}],"version-history":[{"count":8,"href":"https:\/\/clg-joliot-curie-bagneux.ac-versailles.fr\/index.php?rest_route=\/wp\/v2\/pages\/1863\/revisions"}],"predecessor-version":[{"id":3212,"href":"https:\/\/clg-joliot-curie-bagneux.ac-versailles.fr\/index.php?rest_route=\/wp\/v2\/pages\/1863\/revisions\/3212"}],"wp:featuredmedia":[{"embeddable":true,"href":"https:\/\/clg-joliot-curie-bagneux.ac-versailles.fr\/index.php?rest_route=\/wp\/v2\/media\/1864"}],"wp:attachment":[{"href":"https:\/\/clg-joliot-curie-bagneux.ac-versailles.fr\/index.php?rest_route=%2Fwp%2Fv2%2Fmedia&parent=1863"}],"curies":[{"name":"wp","href":"https:\/\/api.w.org\/{rel}","templated":true}]}}