{"id":2051,"date":"2022-09-18T19:09:01","date_gmt":"2022-09-18T17:09:01","guid":{"rendered":"http:\/\/www.clg-joliot-curie-bagneux.ac-versailles.fr\/?page_id=2051"},"modified":"2022-10-09T20:13:03","modified_gmt":"2022-10-09T18:13:03","slug":"promotion-2021-2022","status":"publish","type":"page","link":"https:\/\/clg-joliot-curie-bagneux.ac-versailles.fr\/?page_id=2051","title":{"rendered":"Promotion 2021-2022"},"content":{"rendered":"<div class=\"pdfprnt-buttons pdfprnt-buttons-page pdfprnt-top-right\"><a href=\"https:\/\/clg-joliot-curie-bagneux.ac-versailles.fr\/index.php?rest_route=%2Fwp%2Fv2%2Fpages%2F2051&print=pdf\" class=\"pdfprnt-button pdfprnt-button-pdf\" target=\"_blank\" ><img decoding=\"async\" src=\"https:\/\/clg-joliot-curie-bagneux.ac-versailles.fr\/wp-content\/plugins\/pdf-print\/images\/pdf.png\" alt=\"image_pdf\" title=\"Afficher le PDF\" \/><\/a><a href=\"https:\/\/clg-joliot-curie-bagneux.ac-versailles.fr\/index.php?rest_route=%2Fwp%2Fv2%2Fpages%2F2051&print=print\" class=\"pdfprnt-button pdfprnt-button-print\" target=\"_blank\" ><img decoding=\"async\" src=\"https:\/\/clg-joliot-curie-bagneux.ac-versailles.fr\/wp-content\/plugins\/pdf-print\/images\/print.png\" alt=\"image_print\" title=\"Contenu imprim\u00e9\" \/><\/a><\/div><p>Les cord\u00e9es de la r\u00e9ussite de l&rsquo;ann\u00e9e 2021-2022 ont permis \u00e0 11 \u00e9l\u00e8ves engag\u00e9s\u00a0 : Monica, Tidiane, Walid, Gift, Imane, Djomo, Maeva, Doriane, Jade, Dilane et Youssef , de b\u00e9n\u00e9ficier d&rsquo;un accompagnement dans leur orientation. Ils ont \u00e9t\u00e9 \u00e0 la rencontre de professionnels de divers horizons (politique, journaliste, artiste, ing\u00e9nieur, avocat&#8230;), visit\u00e9 les hauts lieux de nos institutions (Assembl\u00e9e Nationale), particip\u00e9 \u00e0 divers ateliers (robotique, artistique, \u00e9loquence&#8230;)\u00a0 en s&rsquo;ouvrant au monde professionnel et culturel.<\/p>\n<p>Une\u00a0riche ann\u00e9e marqu\u00e9e sous le signe de rencontres, d&rsquo;\u00e9panouissement et de d\u00e9couvertes ! Retrouvez le parcours des \u00e9l\u00e8ves en suivant ce lien :\u00a0<a style=\"font-size: 13px\" href=\"https:\/\/view.genial.ly\/61d986c28502620dee9f4393\/presentation-cordees-de-la-reussite-2021-2022\">Cord\u00e9es de la r\u00e9ussite 2021-2022 (genial.ly)<\/a><\/p>\n<p><img fetchpriority=\"high\" decoding=\"async\" src=\"https:\/\/clg-joliot-curie-bagneux.ac-versailles.fr\/wp-content\/uploads\/sites\/81\/2022\/09\/20220519_131332-1030x773.jpg\" alt=\"\" width=\"870\" height=\"653\" \/><\/p>\n","protected":false},"excerpt":{"rendered":"<p>Les cord\u00e9es de la r\u00e9ussite de l&rsquo;ann\u00e9e 2021-2022 ont permis \u00e0 11 \u00e9l\u00e8ves engag\u00e9s\u00a0 : Monica, Tidiane, Walid, Gift, Imane, Djomo, Maeva, Doriane, Jade, Dilane et Youssef , de b\u00e9n\u00e9ficier d&rsquo;un accompagnement dans leur orientation. Ils ont \u00e9t\u00e9 \u00e0 la rencontre de professionnels de divers horizons (politique, journaliste, artiste, ing\u00e9nieur, avocat&#8230;), visit\u00e9 les hauts lieux [&hellip;]<\/p>\n","protected":false},"author":3667,"featured_media":0,"parent":1810,"menu_order":0,"comment_status":"closed","ping_status":"closed","template":"","meta":{"footnotes":""},"class_list":["post-2051","page","type-page","status-publish","hentry"],"_links":{"self":[{"href":"https:\/\/clg-joliot-curie-bagneux.ac-versailles.fr\/index.php?rest_route=\/wp\/v2\/pages\/2051","targetHints":{"allow":["GET"]}}],"collection":[{"href":"https:\/\/clg-joliot-curie-bagneux.ac-versailles.fr\/index.php?rest_route=\/wp\/v2\/pages"}],"about":[{"href":"https:\/\/clg-joliot-curie-bagneux.ac-versailles.fr\/index.php?rest_route=\/wp\/v2\/types\/page"}],"author":[{"embeddable":true,"href":"https:\/\/clg-joliot-curie-bagneux.ac-versailles.fr\/index.php?rest_route=\/wp\/v2\/users\/3667"}],"replies":[{"embeddable":true,"href":"https:\/\/clg-joliot-curie-bagneux.ac-versailles.fr\/index.php?rest_route=%2Fwp%2Fv2%2Fcomments&post=2051"}],"version-history":[{"count":5,"href":"https:\/\/clg-joliot-curie-bagneux.ac-versailles.fr\/index.php?rest_route=\/wp\/v2\/pages\/2051\/revisions"}],"predecessor-version":[{"id":2287,"href":"https:\/\/clg-joliot-curie-bagneux.ac-versailles.fr\/index.php?rest_route=\/wp\/v2\/pages\/2051\/revisions\/2287"}],"up":[{"embeddable":true,"href":"https:\/\/clg-joliot-curie-bagneux.ac-versailles.fr\/index.php?rest_route=\/wp\/v2\/pages\/1810"}],"wp:attachment":[{"href":"https:\/\/clg-joliot-curie-bagneux.ac-versailles.fr\/index.php?rest_route=%2Fwp%2Fv2%2Fmedia&parent=2051"}],"curies":[{"name":"wp","href":"https:\/\/api.w.org\/{rel}","templated":true}]}}