{"id":2288,"date":"2022-10-09T20:22:02","date_gmt":"2022-10-09T18:22:02","guid":{"rendered":"http:\/\/www.clg-joliot-curie-bagneux.ac-versailles.fr\/?page_id=2288"},"modified":"2022-10-09T20:22:20","modified_gmt":"2022-10-09T18:22:20","slug":"cordees-de-la-reussite","status":"publish","type":"page","link":"https:\/\/clg-joliot-curie-bagneux.ac-versailles.fr\/?page_id=2288","title":{"rendered":"Cord\u00e9es de la r\u00e9ussite"},"content":{"rendered":"<div class=\"pdfprnt-buttons pdfprnt-buttons-page pdfprnt-top-right\"><a href=\"https:\/\/clg-joliot-curie-bagneux.ac-versailles.fr\/index.php?rest_route=%2Fwp%2Fv2%2Fpages%2F2288&print=pdf\" class=\"pdfprnt-button pdfprnt-button-pdf\" target=\"_blank\" ><img decoding=\"async\" src=\"https:\/\/clg-joliot-curie-bagneux.ac-versailles.fr\/wp-content\/plugins\/pdf-print\/images\/pdf.png\" alt=\"image_pdf\" title=\"Afficher le PDF\" \/><\/a><a href=\"https:\/\/clg-joliot-curie-bagneux.ac-versailles.fr\/index.php?rest_route=%2Fwp%2Fv2%2Fpages%2F2288&print=print\" class=\"pdfprnt-button pdfprnt-button-print\" target=\"_blank\" ><img decoding=\"async\" src=\"https:\/\/clg-joliot-curie-bagneux.ac-versailles.fr\/wp-content\/plugins\/pdf-print\/images\/print.png\" alt=\"image_print\" title=\"Contenu imprim\u00e9\" \/><\/a><\/div>\t\t<div data-elementor-type=\"wp-page\" data-elementor-id=\"2288\" class=\"elementor elementor-2288\">\n\t\t\t\t\t\t<section class=\"elementor-section elementor-top-section elementor-element elementor-element-574879c elementor-section-boxed elementor-section-height-default elementor-section-height-default\" data-id=\"574879c\" data-element_type=\"section\" data-e-type=\"section\">\n\t\t\t\t\t\t<div class=\"elementor-container elementor-column-gap-default\">\n\t\t\t\t\t<div class=\"elementor-column elementor-col-50 elementor-top-column elementor-element elementor-element-ec4baa3\" data-id=\"ec4baa3\" data-element_type=\"column\" data-e-type=\"column\">\n\t\t\t<div class=\"elementor-widget-wrap elementor-element-populated\">\n\t\t\t\t\t\t<div class=\"elementor-element elementor-element-0eaac61 elementor-widget elementor-widget-image\" data-id=\"0eaac61\" data-element_type=\"widget\" data-e-type=\"widget\" data-widget_type=\"image.default\">\n\t\t\t\t<div class=\"elementor-widget-container\">\n\t\t\t\t\t\t\t\t\t\t\t\t\t\t\t<img fetchpriority=\"high\" decoding=\"async\" width=\"567\" height=\"281\" src=\"https:\/\/clg-joliot-curie-bagneux.ac-versailles.fr\/wp-content\/uploads\/sites\/81\/2022\/10\/logo-cord-es-de-la-r-ussite-2021-88312.jpg\" class=\"attachment-large size-large wp-image-2289\" alt=\"\" srcset=\"https:\/\/clg-joliot-curie-bagneux.ac-versailles.fr\/wp-content\/uploads\/sites\/81\/2022\/10\/logo-cord-es-de-la-r-ussite-2021-88312.jpg 567w, https:\/\/clg-joliot-curie-bagneux.ac-versailles.fr\/wp-content\/uploads\/sites\/81\/2022\/10\/logo-cord-es-de-la-r-ussite-2021-88312-300x149.jpg 300w\" sizes=\"(max-width: 567px) 100vw, 567px\" \/>\t\t\t\t\t\t\t\t\t\t\t\t\t\t\t<\/div>\n\t\t\t\t<\/div>\n\t\t\t\t\t<\/div>\n\t\t<\/div>\n\t\t\t\t<div class=\"elementor-column elementor-col-50 elementor-top-column elementor-element elementor-element-1206995\" data-id=\"1206995\" data-element_type=\"column\" data-e-type=\"column\">\n\t\t\t<div class=\"elementor-widget-wrap elementor-element-populated\">\n\t\t\t\t\t\t<div class=\"elementor-element elementor-element-5af7488 elementor-widget elementor-widget-image\" data-id=\"5af7488\" data-element_type=\"widget\" data-e-type=\"widget\" data-widget_type=\"image.default\">\n\t\t\t\t<div class=\"elementor-widget-container\">\n\t\t\t\t\t\t\t\t\t\t\t\t\t\t\t<img decoding=\"async\" width=\"870\" height=\"870\" src=\"https:\/\/clg-joliot-curie-bagneux.ac-versailles.fr\/wp-content\/uploads\/sites\/81\/2022\/10\/logo-france-relance-png-88973-1030x1030.png\" class=\"attachment-large size-large wp-image-2290\" alt=\"\" srcset=\"https:\/\/clg-joliot-curie-bagneux.ac-versailles.fr\/wp-content\/uploads\/sites\/81\/2022\/10\/logo-france-relance-png-88973-1030x1030.png 1030w, https:\/\/clg-joliot-curie-bagneux.ac-versailles.fr\/wp-content\/uploads\/sites\/81\/2022\/10\/logo-france-relance-png-88973-300x300.png 300w, https:\/\/clg-joliot-curie-bagneux.ac-versailles.fr\/wp-content\/uploads\/sites\/81\/2022\/10\/logo-france-relance-png-88973-60x60.png 60w, https:\/\/clg-joliot-curie-bagneux.ac-versailles.fr\/wp-content\/uploads\/sites\/81\/2022\/10\/logo-france-relance-png-88973-768x768.png 768w, https:\/\/clg-joliot-curie-bagneux.ac-versailles.fr\/wp-content\/uploads\/sites\/81\/2022\/10\/logo-france-relance-png-88973.png 1200w\" sizes=\"(max-width: 870px) 100vw, 870px\" \/>\t\t\t\t\t\t\t\t\t\t\t\t\t\t\t<\/div>\n\t\t\t\t<\/div>\n\t\t\t\t\t<\/div>\n\t\t<\/div>\n\t\t\t\t\t<\/div>\n\t\t<\/section>\n\t\t\t\t<section class=\"elementor-section elementor-top-section elementor-element elementor-element-f73dedb elementor-section-boxed elementor-section-height-default elementor-section-height-default\" data-id=\"f73dedb\" data-element_type=\"section\" data-e-type=\"section\">\n\t\t\t\t\t\t<div class=\"elementor-container elementor-column-gap-default\">\n\t\t\t\t\t<div class=\"elementor-column elementor-col-100 elementor-top-column elementor-element elementor-element-c76ab5d\" data-id=\"c76ab5d\" data-element_type=\"column\" data-e-type=\"column\">\n\t\t\t<div class=\"elementor-widget-wrap elementor-element-populated\">\n\t\t\t\t\t\t<div class=\"elementor-element elementor-element-00ed265 elementor-widget elementor-widget-text-editor\" data-id=\"00ed265\" data-element_type=\"widget\" data-e-type=\"widget\" data-widget_type=\"text-editor.default\">\n\t\t\t\t<div class=\"elementor-widget-container\">\n\t\t\t\t\t\t\t\t\t<h5><span style=\"color: #0000ff\"><strong><span style=\"font-family: georgia, palatino, serif\">De quoi s\u2019agit-il ?<\/span><\/strong><\/span><\/h5><p><span style=\"color: #000000;font-family: georgia, palatino, serif\">Les Cord\u00e9es de la r\u00e9ussite reposent sur le partenariat entre une \u00ab t\u00eate de cord\u00e9e \u00bb qui peut \u00eatre un \u00e9tablissement d&rsquo;enseignement sup\u00e9rieur ou un lyc\u00e9e avec des CPGE ou des STS et des \u00e9tablissements dits \u00ab encord\u00e9s \u00bb (coll\u00e8ges et lyc\u00e9es de la voie g\u00e9n\u00e9rale, technologique ou professionnelle).<\/span><\/p><p><span style=\"color: #000000;font-family: georgia, palatino, serif\">Par un accompagnement continu et progressif de la classe de 4e au lyc\u00e9e et jusqu&rsquo;\u00e0 l&rsquo;enseignement sup\u00e9rieur, elles visent \u00e0 lutter contre l&rsquo;autocensure, susciter l&rsquo;ambition scolaire des \u00e9l\u00e8ves pour donner \u00e0 chacun les moyens de sa r\u00e9ussite dans la construction de son parcours, que ce soit vers la poursuite d&rsquo;\u00e9tudes ou l&rsquo;insertion professionnelle. Pour ce faire, diff\u00e9rents modes d\u2019actions peuvent \u00eatre mobilis\u00e9s : actions d\u2019ouverture sociale et culturelles, actions de tutorat et mentorat.<\/span><\/p>\t\t\t\t\t\t\t\t<\/div>\n\t\t\t\t<\/div>\n\t\t\t\t\t<\/div>\n\t\t<\/div>\n\t\t\t\t\t<\/div>\n\t\t<\/section>\n\t\t\t\t<section class=\"elementor-section elementor-top-section elementor-element elementor-element-2905d8b elementor-section-boxed elementor-section-height-default elementor-section-height-default\" data-id=\"2905d8b\" data-element_type=\"section\" data-e-type=\"section\">\n\t\t\t\t\t\t<div class=\"elementor-container elementor-column-gap-default\">\n\t\t\t\t\t<div class=\"elementor-column elementor-col-100 elementor-top-column elementor-element elementor-element-3dbc2e4\" data-id=\"3dbc2e4\" data-element_type=\"column\" data-e-type=\"column\">\n\t\t\t<div class=\"elementor-widget-wrap elementor-element-populated\">\n\t\t\t\t\t\t<div class=\"elementor-element elementor-element-b79d46c elementor-widget elementor-widget-image\" data-id=\"b79d46c\" data-element_type=\"widget\" data-e-type=\"widget\" data-widget_type=\"image.default\">\n\t\t\t\t<div class=\"elementor-widget-container\">\n\t\t\t\t\t\t\t\t\t\t\t\t\t\t\t<img decoding=\"async\" width=\"870\" height=\"497\" src=\"https:\/\/clg-joliot-curie-bagneux.ac-versailles.fr\/wp-content\/uploads\/sites\/81\/2022\/09\/cordees-tete.png\" class=\"attachment-large size-large wp-image-2053\" alt=\"\" srcset=\"https:\/\/clg-joliot-curie-bagneux.ac-versailles.fr\/wp-content\/uploads\/sites\/81\/2022\/09\/cordees-tete.png 943w, https:\/\/clg-joliot-curie-bagneux.ac-versailles.fr\/wp-content\/uploads\/sites\/81\/2022\/09\/cordees-tete-300x171.png 300w, https:\/\/clg-joliot-curie-bagneux.ac-versailles.fr\/wp-content\/uploads\/sites\/81\/2022\/09\/cordees-tete-768x439.png 768w\" sizes=\"(max-width: 870px) 100vw, 870px\" \/>\t\t\t\t\t\t\t\t\t\t\t\t\t\t\t<\/div>\n\t\t\t\t<\/div>\n\t\t\t\t\t<\/div>\n\t\t<\/div>\n\t\t\t\t\t<\/div>\n\t\t<\/section>\n\t\t\t\t<section class=\"elementor-section elementor-top-section elementor-element elementor-element-e361afa elementor-section-boxed elementor-section-height-default elementor-section-height-default\" data-id=\"e361afa\" data-element_type=\"section\" data-e-type=\"section\">\n\t\t\t\t\t\t<div class=\"elementor-container elementor-column-gap-default\">\n\t\t\t\t\t<div class=\"elementor-column elementor-col-100 elementor-top-column elementor-element elementor-element-2f77fa7\" data-id=\"2f77fa7\" data-element_type=\"column\" data-e-type=\"column\">\n\t\t\t<div class=\"elementor-widget-wrap elementor-element-populated\">\n\t\t\t\t\t\t<div class=\"elementor-element elementor-element-39a51bb elementor-widget elementor-widget-image\" data-id=\"39a51bb\" data-element_type=\"widget\" data-e-type=\"widget\" data-widget_type=\"image.default\">\n\t\t\t\t<div class=\"elementor-widget-container\">\n\t\t\t\t\t\t\t\t\t\t\t\t\t\t\t<img loading=\"lazy\" decoding=\"async\" width=\"829\" height=\"517\" src=\"https:\/\/clg-joliot-curie-bagneux.ac-versailles.fr\/wp-content\/uploads\/sites\/81\/2022\/09\/cordees-objectifs.png\" class=\"attachment-large size-large wp-image-2052\" alt=\"\" srcset=\"https:\/\/clg-joliot-curie-bagneux.ac-versailles.fr\/wp-content\/uploads\/sites\/81\/2022\/09\/cordees-objectifs.png 829w, https:\/\/clg-joliot-curie-bagneux.ac-versailles.fr\/wp-content\/uploads\/sites\/81\/2022\/09\/cordees-objectifs-300x187.png 300w, https:\/\/clg-joliot-curie-bagneux.ac-versailles.fr\/wp-content\/uploads\/sites\/81\/2022\/09\/cordees-objectifs-768x479.png 768w\" sizes=\"(max-width: 829px) 100vw, 829px\" \/>\t\t\t\t\t\t\t\t\t\t\t\t\t\t\t<\/div>\n\t\t\t\t<\/div>\n\t\t\t\t\t<\/div>\n\t\t<\/div>\n\t\t\t\t\t<\/div>\n\t\t<\/section>\n\t\t\t\t<\/div>\n\t\t","protected":false},"excerpt":{"rendered":"<p>\/*! elementor &#8211; v3.5.6 &#8211; 28-02-2022 *\/ .elementor-widget-image{text-align:center}.elementor-widget-image a{display:inline-block}.elementor-widget-image a img[src$=\u00a0\u00bb.svg\u00a0\u00bb]{width:48px}.elementor-widget-image img{vertical-align:middle;display:inline-block} De quoi s\u2019agit-il ? Les Cord\u00e9es de la r\u00e9ussite reposent sur le partenariat entre une \u00ab t\u00eate de cord\u00e9e \u00bb qui peut \u00eatre un \u00e9tablissement d&rsquo;enseignement sup\u00e9rieur ou un lyc\u00e9e avec des CPGE ou des STS et des \u00e9tablissements dits \u00ab encord\u00e9s \u00bb [&hellip;]<\/p>\n","protected":false},"author":3667,"featured_media":0,"parent":1810,"menu_order":0,"comment_status":"closed","ping_status":"closed","template":"","meta":{"footnotes":""},"class_list":["post-2288","page","type-page","status-publish","hentry"],"_links":{"self":[{"href":"https:\/\/clg-joliot-curie-bagneux.ac-versailles.fr\/index.php?rest_route=\/wp\/v2\/pages\/2288","targetHints":{"allow":["GET"]}}],"collection":[{"href":"https:\/\/clg-joliot-curie-bagneux.ac-versailles.fr\/index.php?rest_route=\/wp\/v2\/pages"}],"about":[{"href":"https:\/\/clg-joliot-curie-bagneux.ac-versailles.fr\/index.php?rest_route=\/wp\/v2\/types\/page"}],"author":[{"embeddable":true,"href":"https:\/\/clg-joliot-curie-bagneux.ac-versailles.fr\/index.php?rest_route=\/wp\/v2\/users\/3667"}],"replies":[{"embeddable":true,"href":"https:\/\/clg-joliot-curie-bagneux.ac-versailles.fr\/index.php?rest_route=%2Fwp%2Fv2%2Fcomments&post=2288"}],"version-history":[{"count":3,"href":"https:\/\/clg-joliot-curie-bagneux.ac-versailles.fr\/index.php?rest_route=\/wp\/v2\/pages\/2288\/revisions"}],"predecessor-version":[{"id":2293,"href":"https:\/\/clg-joliot-curie-bagneux.ac-versailles.fr\/index.php?rest_route=\/wp\/v2\/pages\/2288\/revisions\/2293"}],"up":[{"embeddable":true,"href":"https:\/\/clg-joliot-curie-bagneux.ac-versailles.fr\/index.php?rest_route=\/wp\/v2\/pages\/1810"}],"wp:attachment":[{"href":"https:\/\/clg-joliot-curie-bagneux.ac-versailles.fr\/index.php?rest_route=%2Fwp%2Fv2%2Fmedia&parent=2288"}],"curies":[{"name":"wp","href":"https:\/\/api.w.org\/{rel}","templated":true}]}}