{"id":2423,"date":"2022-11-27T15:53:28","date_gmt":"2022-11-27T14:53:28","guid":{"rendered":"http:\/\/www.clg-joliot-curie-bagneux.ac-versailles.fr\/?page_id=2423"},"modified":"2024-11-05T11:57:37","modified_gmt":"2024-11-05T10:57:37","slug":"premis","status":"publish","type":"page","link":"https:\/\/clg-joliot-curie-bagneux.ac-versailles.fr\/?page_id=2423","title":{"rendered":"PREMIS"},"content":{"rendered":"<div class=\"pdfprnt-buttons pdfprnt-buttons-page pdfprnt-top-right\"><a href=\"https:\/\/clg-joliot-curie-bagneux.ac-versailles.fr\/index.php?rest_route=%2Fwp%2Fv2%2Fpages%2F2423&print=pdf\" class=\"pdfprnt-button pdfprnt-button-pdf\" target=\"_blank\" ><img decoding=\"async\" src=\"https:\/\/clg-joliot-curie-bagneux.ac-versailles.fr\/wp-content\/plugins\/pdf-print\/images\/pdf.png\" alt=\"image_pdf\" title=\"Afficher le PDF\" \/><\/a><a href=\"https:\/\/clg-joliot-curie-bagneux.ac-versailles.fr\/index.php?rest_route=%2Fwp%2Fv2%2Fpages%2F2423&print=print\" class=\"pdfprnt-button pdfprnt-button-print\" target=\"_blank\" ><img decoding=\"async\" src=\"https:\/\/clg-joliot-curie-bagneux.ac-versailles.fr\/wp-content\/plugins\/pdf-print\/images\/print.png\" alt=\"image_print\" title=\"Contenu imprim\u00e9\" \/><\/a><\/div>\t\t<div data-elementor-type=\"wp-page\" data-elementor-id=\"2423\" class=\"elementor elementor-2423\">\n\t\t\t\t\t\t<section class=\"elementor-section elementor-top-section elementor-element elementor-element-22359ea elementor-section-boxed elementor-section-height-default elementor-section-height-default\" data-id=\"22359ea\" data-element_type=\"section\" data-e-type=\"section\">\n\t\t\t\t\t\t<div class=\"elementor-container elementor-column-gap-default\">\n\t\t\t\t\t<div class=\"elementor-column elementor-col-100 elementor-top-column elementor-element elementor-element-67488ae\" data-id=\"67488ae\" data-element_type=\"column\" data-e-type=\"column\">\n\t\t\t<div class=\"elementor-widget-wrap elementor-element-populated\">\n\t\t\t\t\t\t<div class=\"elementor-element elementor-element-6572e3a elementor-widget elementor-widget-text-editor\" data-id=\"6572e3a\" data-element_type=\"widget\" data-e-type=\"widget\" data-widget_type=\"text-editor.default\">\n\t\t\t\t<div class=\"elementor-widget-container\">\n\t\t\t\t\t\t\t\t\t<p><span style=\"font-family: georgia, palatino, serif;color: #000000;font-size: 12pt\">Le dispositif PREMIS est propos\u00e9 par les \u00e9l\u00e8ves pour donner du<span style=\"font-style: normal;font-weight: 400\">\u00a0sens au travail scolaire gr\u00e2ce \u00e0 une approche alliant ateliers th\u00e9matiques et tutorat.<\/span><span style=\"font-style: normal;font-weight: 400\">\u00a0<\/span><\/span><\/p><p style=\"margin-bottom: 20px;font-size: 16px;color: #1a1a1a;font-family: Lato, sans-serif;font-style: normal;font-weight: 400\"><span style=\"font-family: georgia, palatino, serif;color: #000000;font-size: 12pt\">Les activit\u00e9s s\u2019articulent autour :<\/span><\/p><ul style=\"list-style-type: circle\"><li style=\"font-size: 16px;color: #1a1a1a;font-family: Lato, sans-serif;font-style: normal;font-weight: 400\"><span style=\"font-family: georgia, palatino, serif;color: #000000;font-size: 12pt\">d&rsquo;<span style=\"font-weight: bolder\">ateliers th\u00e9matiques\u00a0<\/span>(boxe, mode, breakdance et dessin manga). L\u2019objectif est de permettre aux coll\u00e9giens d\u2019acqu\u00e9rir des comp\u00e9tences, des m\u00e9thodes et des savoir-faire qu\u2019ils pourront r\u00e9investir en classe.<\/span><\/li><li style=\"font-size: 16px;color: #1a1a1a;font-family: Lato, sans-serif;font-style: normal;font-weight: 400\"><span style=\"font-family: georgia, palatino, serif;color: #000000;font-size: 12pt\">d&rsquo;un\u00a0<span style=\"font-weight: bolder\">tutorat r\u00e9alis\u00e9 par un adulte r\u00e9f\u00e9rent du coll\u00e8ge<\/span>. Le but est de donner l\u2019occcasion \u00e0 l\u2019\u00e9l\u00e8ve de travailler \u00e0 restaurer son image vis-\u00e0-vis de lui-m\u00eame et de son entourage et \u00e0 comprendre comment mieux ajuster son comportement aux attentes scolaires.<\/span><\/li><\/ul><p style=\"margin-bottom: 20px;font-size: 16px;color: #1a1a1a;font-family: Lato, sans-serif;font-style: normal;font-weight: 400\"><span style=\"font-family: georgia, palatino, serif;color: #000000;font-size: 12pt\">Les \u00e9l\u00e8ves rep\u00e9r\u00e9s par les enseignants qui souhaitent int\u00e9grer le dispositif s&rsquo;engagent par \u00e9crit dans un contrat qu&rsquo;ils signent avec leurs parents. Ils choisissent ensuite un atelier parmi ceux propos\u00e9s par l\u2019\u00e9tablissement. L\u2019adh\u00e9sion des familles est sollicit\u00e9e pour leur permettre d&rsquo;entrer en relation avec le coll\u00e8ge et de voir leur enfant en situation de r\u00e9ussite sur un projet.\u00a0<\/span><\/p><p style=\"margin-bottom: 20px;font-size: 16px;color: #1a1a1a;font-family: Lato, sans-serif;font-style: normal;font-weight: 400\"><span style=\"font-family: georgia, palatino, serif;color: #000000;font-size: 12pt\">Pour plus d&rsquo;informations, le dispositif est coordonn\u00e9 par Mme Corinne David (Infirmi\u00e8re) et M. Yohan Ensergueix (CPE).<\/span><\/p>\t\t\t\t\t\t\t\t<\/div>\n\t\t\t\t<\/div>\n\t\t\t\t\t<\/div>\n\t\t<\/div>\n\t\t\t\t\t<\/div>\n\t\t<\/section>\n\t\t\t\t<section class=\"elementor-section elementor-top-section elementor-element elementor-element-d9f865e elementor-section-boxed elementor-section-height-default elementor-section-height-default\" data-id=\"d9f865e\" data-element_type=\"section\" data-e-type=\"section\">\n\t\t\t\t\t\t<div class=\"elementor-container elementor-column-gap-default\">\n\t\t\t\t\t<div class=\"elementor-column elementor-col-50 elementor-top-column elementor-element elementor-element-a8d2f45\" data-id=\"a8d2f45\" data-element_type=\"column\" data-e-type=\"column\">\n\t\t\t<div class=\"elementor-widget-wrap elementor-element-populated\">\n\t\t\t\t\t\t<div class=\"elementor-element elementor-element-7944e6b elementor-widget elementor-widget-image\" data-id=\"7944e6b\" data-element_type=\"widget\" data-e-type=\"widget\" data-widget_type=\"image.default\">\n\t\t\t\t<div class=\"elementor-widget-container\">\n\t\t\t\t\t\t\t\t\t\t\t\t\t\t\t\t<a href=\"https:\/\/clg-joliot-curie-bagneux.ac-versailles.fr\/?p=3970\">\n\t\t\t\t\t\t\t<img fetchpriority=\"high\" decoding=\"async\" width=\"870\" height=\"870\" src=\"https:\/\/clg-joliot-curie-bagneux.ac-versailles.fr\/wp-content\/uploads\/sites\/81\/2024\/11\/5-1030x1030.png\" class=\"attachment-large size-large wp-image-3969\" alt=\"\" srcset=\"https:\/\/clg-joliot-curie-bagneux.ac-versailles.fr\/wp-content\/uploads\/sites\/81\/2024\/11\/5-1030x1030.png 1030w, https:\/\/clg-joliot-curie-bagneux.ac-versailles.fr\/wp-content\/uploads\/sites\/81\/2024\/11\/5-300x300.png 300w, https:\/\/clg-joliot-curie-bagneux.ac-versailles.fr\/wp-content\/uploads\/sites\/81\/2024\/11\/5-60x60.png 60w, https:\/\/clg-joliot-curie-bagneux.ac-versailles.fr\/wp-content\/uploads\/sites\/81\/2024\/11\/5-768x768.png 768w, https:\/\/clg-joliot-curie-bagneux.ac-versailles.fr\/wp-content\/uploads\/sites\/81\/2024\/11\/5.png 1080w\" sizes=\"(max-width: 870px) 100vw, 870px\" \/>\t\t\t\t\t\t\t\t<\/a>\n\t\t\t\t\t\t\t\t\t\t\t\t\t\t\t<\/div>\n\t\t\t\t<\/div>\n\t\t\t\t\t<\/div>\n\t\t<\/div>\n\t\t\t\t<div class=\"elementor-column elementor-col-50 elementor-top-column elementor-element elementor-element-9c990dd\" data-id=\"9c990dd\" data-element_type=\"column\" data-e-type=\"column\">\n\t\t\t<div class=\"elementor-widget-wrap\">\n\t\t\t\t\t\t\t<\/div>\n\t\t<\/div>\n\t\t\t\t\t<\/div>\n\t\t<\/section>\n\t\t\t\t<\/div>\n\t\t","protected":false},"excerpt":{"rendered":"<p>Le dispositif PREMIS est propos\u00e9 par les \u00e9l\u00e8ves pour donner du\u00a0sens au travail scolaire gr\u00e2ce \u00e0 une approche alliant ateliers th\u00e9matiques et tutorat.\u00a0 Les activit\u00e9s s\u2019articulent autour : d&rsquo;ateliers th\u00e9matiques\u00a0(boxe, mode, breakdance et dessin manga). L\u2019objectif est de permettre aux coll\u00e9giens d\u2019acqu\u00e9rir des comp\u00e9tences, des m\u00e9thodes et des savoir-faire qu\u2019ils pourront r\u00e9investir en classe. d&rsquo;un\u00a0tutorat [&hellip;]<\/p>\n","protected":false},"author":3667,"featured_media":0,"parent":0,"menu_order":0,"comment_status":"closed","ping_status":"closed","template":"","meta":{"footnotes":""},"class_list":["post-2423","page","type-page","status-publish","hentry"],"_links":{"self":[{"href":"https:\/\/clg-joliot-curie-bagneux.ac-versailles.fr\/index.php?rest_route=\/wp\/v2\/pages\/2423","targetHints":{"allow":["GET"]}}],"collection":[{"href":"https:\/\/clg-joliot-curie-bagneux.ac-versailles.fr\/index.php?rest_route=\/wp\/v2\/pages"}],"about":[{"href":"https:\/\/clg-joliot-curie-bagneux.ac-versailles.fr\/index.php?rest_route=\/wp\/v2\/types\/page"}],"author":[{"embeddable":true,"href":"https:\/\/clg-joliot-curie-bagneux.ac-versailles.fr\/index.php?rest_route=\/wp\/v2\/users\/3667"}],"replies":[{"embeddable":true,"href":"https:\/\/clg-joliot-curie-bagneux.ac-versailles.fr\/index.php?rest_route=%2Fwp%2Fv2%2Fcomments&post=2423"}],"version-history":[{"count":9,"href":"https:\/\/clg-joliot-curie-bagneux.ac-versailles.fr\/index.php?rest_route=\/wp\/v2\/pages\/2423\/revisions"}],"predecessor-version":[{"id":3985,"href":"https:\/\/clg-joliot-curie-bagneux.ac-versailles.fr\/index.php?rest_route=\/wp\/v2\/pages\/2423\/revisions\/3985"}],"wp:attachment":[{"href":"https:\/\/clg-joliot-curie-bagneux.ac-versailles.fr\/index.php?rest_route=%2Fwp%2Fv2%2Fmedia&parent=2423"}],"curies":[{"name":"wp","href":"https:\/\/api.w.org\/{rel}","templated":true}]}}