{"id":2811,"date":"2023-01-17T15:04:41","date_gmt":"2023-01-17T14:04:41","guid":{"rendered":"http:\/\/www.clg-joliot-curie-bagneux.ac-versailles.fr\/?page_id=2811"},"modified":"2023-01-17T15:07:30","modified_gmt":"2023-01-17T14:07:30","slug":"les-cles-de-mon-avenir-prochaines-etapes-2023","status":"publish","type":"page","link":"https:\/\/clg-joliot-curie-bagneux.ac-versailles.fr\/?page_id=2811","title":{"rendered":"Les cl\u00e9s de mon avenir, prochaines \u00e9tapes (2023)"},"content":{"rendered":"<div class=\"pdfprnt-buttons pdfprnt-buttons-page pdfprnt-top-right\"><a href=\"https:\/\/clg-joliot-curie-bagneux.ac-versailles.fr\/index.php?rest_route=%2Fwp%2Fv2%2Fpages%2F2811&print=pdf\" class=\"pdfprnt-button pdfprnt-button-pdf\" target=\"_blank\" ><img decoding=\"async\" src=\"https:\/\/clg-joliot-curie-bagneux.ac-versailles.fr\/wp-content\/plugins\/pdf-print\/images\/pdf.png\" alt=\"image_pdf\" title=\"Afficher le PDF\" \/><\/a><a href=\"https:\/\/clg-joliot-curie-bagneux.ac-versailles.fr\/index.php?rest_route=%2Fwp%2Fv2%2Fpages%2F2811&print=print\" class=\"pdfprnt-button pdfprnt-button-print\" target=\"_blank\" ><img decoding=\"async\" src=\"https:\/\/clg-joliot-curie-bagneux.ac-versailles.fr\/wp-content\/plugins\/pdf-print\/images\/print.png\" alt=\"image_print\" title=\"Contenu imprim\u00e9\" \/><\/a><\/div>\t\t<div data-elementor-type=\"wp-page\" data-elementor-id=\"2811\" class=\"elementor elementor-2811\">\n\t\t\t\t\t\t<section class=\"elementor-section elementor-top-section elementor-element elementor-element-2ef896a elementor-section-boxed elementor-section-height-default elementor-section-height-default\" data-id=\"2ef896a\" data-element_type=\"section\" data-e-type=\"section\">\n\t\t\t\t\t\t<div class=\"elementor-container elementor-column-gap-default\">\n\t\t\t\t\t<div class=\"elementor-column elementor-col-50 elementor-top-column elementor-element elementor-element-6e44490\" data-id=\"6e44490\" data-element_type=\"column\" data-e-type=\"column\">\n\t\t\t<div class=\"elementor-widget-wrap elementor-element-populated\">\n\t\t\t\t\t\t<div class=\"elementor-element elementor-element-d12848d elementor-widget elementor-widget-image\" data-id=\"d12848d\" data-element_type=\"widget\" data-e-type=\"widget\" data-widget_type=\"image.default\">\n\t\t\t\t<div class=\"elementor-widget-container\">\n\t\t\t\t\t\t\t\t\t\t\t\t\t\t\t<img fetchpriority=\"high\" decoding=\"async\" width=\"728\" height=\"1030\" src=\"https:\/\/clg-joliot-curie-bagneux.ac-versailles.fr\/wp-content\/uploads\/sites\/81\/2023\/01\/affiche-forum-728x1030.png\" class=\"attachment-large size-large wp-image-2812\" alt=\"\" srcset=\"https:\/\/clg-joliot-curie-bagneux.ac-versailles.fr\/wp-content\/uploads\/sites\/81\/2023\/01\/affiche-forum-728x1030.png 728w, https:\/\/clg-joliot-curie-bagneux.ac-versailles.fr\/wp-content\/uploads\/sites\/81\/2023\/01\/affiche-forum-212x300.png 212w, https:\/\/clg-joliot-curie-bagneux.ac-versailles.fr\/wp-content\/uploads\/sites\/81\/2023\/01\/affiche-forum-768x1086.png 768w, https:\/\/clg-joliot-curie-bagneux.ac-versailles.fr\/wp-content\/uploads\/sites\/81\/2023\/01\/affiche-forum-1086x1536.png 1086w, https:\/\/clg-joliot-curie-bagneux.ac-versailles.fr\/wp-content\/uploads\/sites\/81\/2023\/01\/affiche-forum-1448x2048.png 1448w, https:\/\/clg-joliot-curie-bagneux.ac-versailles.fr\/wp-content\/uploads\/sites\/81\/2023\/01\/affiche-forum.png 1587w\" sizes=\"(max-width: 728px) 100vw, 728px\" \/>\t\t\t\t\t\t\t\t\t\t\t\t\t\t\t<\/div>\n\t\t\t\t<\/div>\n\t\t\t\t\t<\/div>\n\t\t<\/div>\n\t\t\t\t<div class=\"elementor-column elementor-col-50 elementor-top-column elementor-element elementor-element-11e1faa\" data-id=\"11e1faa\" data-element_type=\"column\" data-e-type=\"column\">\n\t\t\t<div class=\"elementor-widget-wrap elementor-element-populated\">\n\t\t\t\t\t\t<div class=\"elementor-element elementor-element-2cd9d6c elementor-widget elementor-widget-text-editor\" data-id=\"2cd9d6c\" data-element_type=\"widget\" data-e-type=\"widget\" data-widget_type=\"text-editor.default\">\n\t\t\t\t<div class=\"elementor-widget-container\">\n\t\t\t\t\t\t\t\t\t<p><span style=\"color: #000000;font-size: 12pt;font-family: georgia, palatino, serif\">Le jeudi 26 janvier 2023, l&rsquo;op\u00e9ration <em><strong>\u00ab\u00a0Les cl\u00e9s de mon avenir, prochaines \u00e9tapes\u00a0\u00bb<\/strong><\/em> a lieu \u00e0 destination des \u00e9l\u00e8ves de 4<sup>\u00e8me<\/sup> et de 3<sup>\u00e8me<\/sup> (soit pr\u00e8s de 200 \u00e9l\u00e8ves). Cette journ\u00e9e a pour objectif de mobiliser divers professionnels pour aider les \u00e9l\u00e8ves \u00e0 construire leur projet d&rsquo;orientation.<\/span><\/p><p><span style=\"color: #000000;font-size: 12pt;font-family: georgia, palatino, serif\">Diverses actions sont propos\u00e9es :<\/span><\/p><ul><li><span style=\"color: #000000;font-size: 12pt;font-family: georgia, palatino, serif\">Pr\u00e9sentation des divers\u00a0 champs professionnels dans un <strong>stand<\/strong> en acc\u00e8s libre.<\/span><\/li><li><span style=\"color: #000000;font-size: 12pt;font-family: georgia, palatino, serif\">Animation par les professionnels d&rsquo;une <strong>table ronde<\/strong> (environ 30 minutes) pour pr\u00e9senter leur parcours et leur m\u00e9tier (avec 7 \u00e0 8 \u00e9l\u00e8ves \u00e0 chaque s\u00e9ance).<\/span><\/li><li><span style=\"color: #000000;font-size: 12pt;font-family: georgia, palatino, serif\">Conduite d&rsquo;un <strong>atelier de mise en situation<\/strong> ou de mise en pratique (pitch pour aider \u00e0 la prise de parole, atelier de pratique comme l&rsquo;atelier coiffure ou encore l&rsquo;atelier tailleur de pierre.<\/span><\/li><\/ul><p><span style=\"color: #000000;font-size: 12pt;font-family: georgia, palatino, serif\">Une journ\u00e9e, \u00e0 l&rsquo;initiative du coll\u00e8ge men\u00e9e sous la coordination de M. Pierre-Olivier Bontant (Chef d&rsquo;\u00e9tablissement) et Mme Salima Djadoudi (M\u00e9diatrice \u00e9ducative), sp\u00e9cialement d\u00e9di\u00e9e \u00e0 l&rsquo;orientation.<\/span><\/p><p><em><span style=\"color: #000000;font-size: 12pt;font-family: georgia, palatino, serif\">\u00ab\u00a0Pour que Orientation puisse rimer avec Ambition\u00a0\u00bb.\u00a0<\/span><\/em><\/p>\t\t\t\t\t\t\t\t<\/div>\n\t\t\t\t<\/div>\n\t\t\t\t\t<\/div>\n\t\t<\/div>\n\t\t\t\t\t<\/div>\n\t\t<\/section>\n\t\t\t\t<section class=\"elementor-section elementor-top-section elementor-element elementor-element-ed090b1 elementor-section-boxed elementor-section-height-default elementor-section-height-default\" data-id=\"ed090b1\" data-element_type=\"section\" data-e-type=\"section\">\n\t\t\t\t\t\t<div class=\"elementor-container elementor-column-gap-default\">\n\t\t\t\t\t<div class=\"elementor-column elementor-col-100 elementor-top-column elementor-element elementor-element-23b7b9d\" data-id=\"23b7b9d\" data-element_type=\"column\" data-e-type=\"column\">\n\t\t\t<div class=\"elementor-widget-wrap elementor-element-populated\">\n\t\t\t\t\t\t<div class=\"elementor-element elementor-element-dce0a8c elementor-widget elementor-widget-heading\" data-id=\"dce0a8c\" data-element_type=\"widget\" data-e-type=\"widget\" data-widget_type=\"heading.default\">\n\t\t\t\t<div class=\"elementor-widget-container\">\n\t\t\t\t\t<h3 class=\"elementor-heading-title elementor-size-default\">D\u00e9couvrez le dossier de presse : <\/h3>\t\t\t\t<\/div>\n\t\t\t\t<\/div>\n\t\t\t\t\t<\/div>\n\t\t<\/div>\n\t\t\t\t\t<\/div>\n\t\t<\/section>\n\t\t\t\t<section class=\"elementor-section elementor-top-section elementor-element elementor-element-15cc11b elementor-section-boxed elementor-section-height-default elementor-section-height-default\" data-id=\"15cc11b\" data-element_type=\"section\" data-e-type=\"section\">\n\t\t\t\t\t\t<div class=\"elementor-container elementor-column-gap-default\">\n\t\t\t\t\t<div class=\"elementor-column elementor-col-100 elementor-top-column elementor-element elementor-element-cd5f256\" data-id=\"cd5f256\" data-element_type=\"column\" data-e-type=\"column\">\n\t\t\t<div class=\"elementor-widget-wrap elementor-element-populated\">\n\t\t\t\t\t\t<div class=\"elementor-element elementor-element-112f478 elementor-align-center elementor-widget elementor-widget-button\" data-id=\"112f478\" data-element_type=\"widget\" data-e-type=\"widget\" data-widget_type=\"button.default\">\n\t\t\t\t<div class=\"elementor-widget-container\">\n\t\t\t\t\t\t\t\t\t<div class=\"elementor-button-wrapper\">\n\t\t\t\t\t<a class=\"elementor-button elementor-button-link elementor-size-sm\" href=\"http:\/\/acver.fr\/dpleclesdemonavenir\" target=\"_blank\">\n\t\t\t\t\t\t<span class=\"elementor-button-content-wrapper\">\n\t\t\t\t\t\t\t\t\t<span class=\"elementor-button-text\">Cliquez ici<\/span>\n\t\t\t\t\t<\/span>\n\t\t\t\t\t<\/a>\n\t\t\t\t<\/div>\n\t\t\t\t\t\t\t\t<\/div>\n\t\t\t\t<\/div>\n\t\t\t\t\t<\/div>\n\t\t<\/div>\n\t\t\t\t\t<\/div>\n\t\t<\/section>\n\t\t\t\t<\/div>\n\t\t","protected":false},"excerpt":{"rendered":"<p>\/*! elementor &#8211; v3.5.6 &#8211; 28-02-2022 *\/ .elementor-widget-image{text-align:center}.elementor-widget-image a{display:inline-block}.elementor-widget-image a img[src$=\u00a0\u00bb.svg\u00a0\u00bb]{width:48px}.elementor-widget-image img{vertical-align:middle;display:inline-block} Le jeudi 26 janvier 2023, l&rsquo;op\u00e9ration \u00ab\u00a0Les cl\u00e9s de mon avenir, prochaines \u00e9tapes\u00a0\u00bb a lieu \u00e0 destination des \u00e9l\u00e8ves de 4\u00e8me et de 3\u00e8me (soit pr\u00e8s de 200 \u00e9l\u00e8ves). Cette journ\u00e9e a pour objectif de mobiliser divers professionnels pour aider les \u00e9l\u00e8ves \u00e0 [&hellip;]<\/p>\n","protected":false},"author":3667,"featured_media":0,"parent":0,"menu_order":0,"comment_status":"closed","ping_status":"closed","template":"","meta":{"footnotes":""},"class_list":["post-2811","page","type-page","status-publish","hentry"],"_links":{"self":[{"href":"https:\/\/clg-joliot-curie-bagneux.ac-versailles.fr\/index.php?rest_route=\/wp\/v2\/pages\/2811","targetHints":{"allow":["GET"]}}],"collection":[{"href":"https:\/\/clg-joliot-curie-bagneux.ac-versailles.fr\/index.php?rest_route=\/wp\/v2\/pages"}],"about":[{"href":"https:\/\/clg-joliot-curie-bagneux.ac-versailles.fr\/index.php?rest_route=\/wp\/v2\/types\/page"}],"author":[{"embeddable":true,"href":"https:\/\/clg-joliot-curie-bagneux.ac-versailles.fr\/index.php?rest_route=\/wp\/v2\/users\/3667"}],"replies":[{"embeddable":true,"href":"https:\/\/clg-joliot-curie-bagneux.ac-versailles.fr\/index.php?rest_route=%2Fwp%2Fv2%2Fcomments&post=2811"}],"version-history":[{"count":3,"href":"https:\/\/clg-joliot-curie-bagneux.ac-versailles.fr\/index.php?rest_route=\/wp\/v2\/pages\/2811\/revisions"}],"predecessor-version":[{"id":2815,"href":"https:\/\/clg-joliot-curie-bagneux.ac-versailles.fr\/index.php?rest_route=\/wp\/v2\/pages\/2811\/revisions\/2815"}],"wp:attachment":[{"href":"https:\/\/clg-joliot-curie-bagneux.ac-versailles.fr\/index.php?rest_route=%2Fwp%2Fv2%2Fmedia&parent=2811"}],"curies":[{"name":"wp","href":"https:\/\/api.w.org\/{rel}","templated":true}]}}