{"id":687,"date":"2019-10-07T17:54:07","date_gmt":"2019-10-07T15:54:07","guid":{"rendered":"http:\/\/www.clg-joliot-curie-bagneux.ac-versailles.fr\/?page_id=687"},"modified":"2019-10-31T15:42:39","modified_gmt":"2019-10-31T14:42:39","slug":"ateliers","status":"publish","type":"page","link":"https:\/\/clg-joliot-curie-bagneux.ac-versailles.fr\/?page_id=687","title":{"rendered":"Ateliers"},"content":{"rendered":"<div class=\"pdfprnt-buttons pdfprnt-buttons-page pdfprnt-top-right\"><a href=\"https:\/\/clg-joliot-curie-bagneux.ac-versailles.fr\/index.php?rest_route=%2Fwp%2Fv2%2Fpages%2F687&print=pdf\" class=\"pdfprnt-button pdfprnt-button-pdf\" target=\"_blank\" ><img decoding=\"async\" src=\"https:\/\/clg-joliot-curie-bagneux.ac-versailles.fr\/wp-content\/plugins\/pdf-print\/images\/pdf.png\" alt=\"image_pdf\" title=\"Afficher le PDF\" \/><\/a><a href=\"https:\/\/clg-joliot-curie-bagneux.ac-versailles.fr\/index.php?rest_route=%2Fwp%2Fv2%2Fpages%2F687&print=print\" class=\"pdfprnt-button pdfprnt-button-print\" target=\"_blank\" ><img decoding=\"async\" src=\"https:\/\/clg-joliot-curie-bagneux.ac-versailles.fr\/wp-content\/plugins\/pdf-print\/images\/print.png\" alt=\"image_print\" title=\"Contenu imprim\u00e9\" \/><\/a><\/div><h3>Chaque ann\u00e9e le coll\u00e8ge propose aux \u00e9l\u00e8ves de participer \u00e0 diff\u00e9rents ateliers anim\u00e9s par les enseignants ou des intervenants ext\u00e9rieurs.<\/h3>\n<h3>Ces ateliers permettent de d\u00e9velopper le lien inter-degr\u00e9s avec les \u00e9tablissements qui constituent le R\u00e9seau d&rsquo;Education Prioritaire.<br \/>\nLes \u00e9l\u00e8ves du primaire contribuent, visitent ou s&rsquo;investissent dans les diff\u00e9rents ateliers et s&rsquo;approprient d\u00e9j\u00e0 les lieux de leur futur coll\u00e8ge.<\/h3>\n","protected":false},"excerpt":{"rendered":"<p>Chaque ann\u00e9e le coll\u00e8ge propose aux \u00e9l\u00e8ves de participer \u00e0 diff\u00e9rents ateliers anim\u00e9s par les enseignants ou des intervenants ext\u00e9rieurs. Ces ateliers permettent de d\u00e9velopper le lien inter-degr\u00e9s avec les \u00e9tablissements qui constituent le R\u00e9seau d&rsquo;Education Prioritaire. Les \u00e9l\u00e8ves du primaire contribuent, visitent ou s&rsquo;investissent dans les diff\u00e9rents ateliers et s&rsquo;approprient d\u00e9j\u00e0 les lieux de [&hellip;]<\/p>\n","protected":false},"author":2273,"featured_media":0,"parent":0,"menu_order":0,"comment_status":"closed","ping_status":"closed","template":"","meta":{"footnotes":""},"class_list":["post-687","page","type-page","status-publish","hentry"],"_links":{"self":[{"href":"https:\/\/clg-joliot-curie-bagneux.ac-versailles.fr\/index.php?rest_route=\/wp\/v2\/pages\/687","targetHints":{"allow":["GET"]}}],"collection":[{"href":"https:\/\/clg-joliot-curie-bagneux.ac-versailles.fr\/index.php?rest_route=\/wp\/v2\/pages"}],"about":[{"href":"https:\/\/clg-joliot-curie-bagneux.ac-versailles.fr\/index.php?rest_route=\/wp\/v2\/types\/page"}],"author":[{"embeddable":true,"href":"https:\/\/clg-joliot-curie-bagneux.ac-versailles.fr\/index.php?rest_route=\/wp\/v2\/users\/2273"}],"replies":[{"embeddable":true,"href":"https:\/\/clg-joliot-curie-bagneux.ac-versailles.fr\/index.php?rest_route=%2Fwp%2Fv2%2Fcomments&post=687"}],"version-history":[{"count":3,"href":"https:\/\/clg-joliot-curie-bagneux.ac-versailles.fr\/index.php?rest_route=\/wp\/v2\/pages\/687\/revisions"}],"predecessor-version":[{"id":799,"href":"https:\/\/clg-joliot-curie-bagneux.ac-versailles.fr\/index.php?rest_route=\/wp\/v2\/pages\/687\/revisions\/799"}],"wp:attachment":[{"href":"https:\/\/clg-joliot-curie-bagneux.ac-versailles.fr\/index.php?rest_route=%2Fwp%2Fv2%2Fmedia&parent=687"}],"curies":[{"name":"wp","href":"https:\/\/api.w.org\/{rel}","templated":true}]}}