{"id":710,"date":"2019-10-10T16:10:50","date_gmt":"2019-10-10T14:10:50","guid":{"rendered":"http:\/\/www.clg-joliot-curie-bagneux.ac-versailles.fr\/?page_id=710"},"modified":"2022-09-07T19:27:54","modified_gmt":"2022-09-07T17:27:54","slug":"les-horaires","status":"publish","type":"page","link":"https:\/\/clg-joliot-curie-bagneux.ac-versailles.fr\/?page_id=710","title":{"rendered":"Les horaires"},"content":{"rendered":"<div class=\"pdfprnt-buttons pdfprnt-buttons-page pdfprnt-top-right\"><a href=\"https:\/\/clg-joliot-curie-bagneux.ac-versailles.fr\/index.php?rest_route=%2Fwp%2Fv2%2Fpages%2F710&print=pdf\" class=\"pdfprnt-button pdfprnt-button-pdf\" target=\"_blank\" ><img decoding=\"async\" src=\"https:\/\/clg-joliot-curie-bagneux.ac-versailles.fr\/wp-content\/plugins\/pdf-print\/images\/pdf.png\" alt=\"image_pdf\" title=\"Afficher le PDF\" \/><\/a><a href=\"https:\/\/clg-joliot-curie-bagneux.ac-versailles.fr\/index.php?rest_route=%2Fwp%2Fv2%2Fpages%2F710&print=print\" class=\"pdfprnt-button pdfprnt-button-print\" target=\"_blank\" ><img decoding=\"async\" src=\"https:\/\/clg-joliot-curie-bagneux.ac-versailles.fr\/wp-content\/plugins\/pdf-print\/images\/print.png\" alt=\"image_print\" title=\"Contenu imprim\u00e9\" \/><\/a><\/div><p><strong>Tous les matins : Ouverture du portail \u00e0 7h45<\/strong><\/p>\n<p><strong>Apr\u00e8s-midi : Ouverture du portail \u00e0 13h20<\/strong><\/p>\n<p>&nbsp;<\/p>\n<table>\n<tbody>\n<tr>\n<td width=\"189\"><\/td>\n<td width=\"171\">\n<p style=\"text-align: center\"><strong>Matin<\/strong><\/p>\n<\/td>\n<td style=\"text-align: center\" width=\"174\"><strong>Temps du midi<\/strong><\/td>\n<td width=\"173\">\n<p style=\"text-align: center\"><strong>Apr\u00e8s-midi<\/strong><\/p>\n<\/td>\n<\/tr>\n<tr>\n<td width=\"189\"><strong>Lundi<\/strong><\/td>\n<td width=\"171\">\n<p style=\"text-align: center\">7h55 \u2013 12h05<\/p>\n<\/td>\n<td rowspan=\"5\" width=\"174\">&nbsp;<\/p>\n<p style=\"text-align: center\">12h05 \u2013 13h35<\/p>\n<\/td>\n<td width=\"173\">\n<p style=\"text-align: center\">13h35 \u2013 17h45<\/p>\n<\/td>\n<\/tr>\n<tr>\n<td width=\"189\"><strong>Mardi<\/strong><\/td>\n<td width=\"171\">\n<p style=\"text-align: center\">7h55 \u2013 12h05<\/p>\n<\/td>\n<td width=\"173\">\n<p style=\"text-align: center\">13h35 \u2013 17h45<\/p>\n<\/td>\n<\/tr>\n<tr>\n<td width=\"189\"><strong>Mercredi<\/strong><\/td>\n<td width=\"171\">\n<p style=\"text-align: center\">7h55 \u2013 12h05<\/p>\n<\/td>\n<td width=\"173\">\n<p style=\"text-align: center\">13h35 \u2013 17h45<\/p>\n<\/td>\n<\/tr>\n<tr>\n<td width=\"189\"><strong>Jeudi<\/strong><\/td>\n<td width=\"171\">\n<p style=\"text-align: center\">7h55 \u2013 12h05<\/p>\n<\/td>\n<td width=\"173\">\n<p style=\"text-align: center\">13h35 \u2013 17h45<\/p>\n<\/td>\n<\/tr>\n<tr>\n<td width=\"189\"><strong>Vendredi<\/strong><\/td>\n<td width=\"171\">\n<p style=\"text-align: center\">7h55 \u2013 12h05<\/p>\n<\/td>\n<td width=\"173\">\n<p style=\"text-align: center\">13h35 \u2013 17h45<\/p>\n<\/td>\n<\/tr>\n<\/tbody>\n<\/table>\n<p>&nbsp;<\/p>\n<p>&nbsp;<\/p>\n","protected":false},"excerpt":{"rendered":"<p>Tous les matins : Ouverture du portail \u00e0 7h45 Apr\u00e8s-midi : Ouverture du portail \u00e0 13h20 &nbsp; Matin Temps du midi Apr\u00e8s-midi Lundi 7h55 \u2013 12h05 &nbsp; 12h05 \u2013 13h35 13h35 \u2013 17h45 Mardi 7h55 \u2013 12h05 13h35 \u2013 17h45 Mercredi 7h55 \u2013 12h05 13h35 \u2013 17h45 Jeudi 7h55 \u2013 12h05 13h35 \u2013 17h45 Vendredi [&hellip;]<\/p>\n","protected":false},"author":2273,"featured_media":0,"parent":672,"menu_order":0,"comment_status":"closed","ping_status":"closed","template":"","meta":{"footnotes":""},"class_list":["post-710","page","type-page","status-publish","hentry"],"_links":{"self":[{"href":"https:\/\/clg-joliot-curie-bagneux.ac-versailles.fr\/index.php?rest_route=\/wp\/v2\/pages\/710","targetHints":{"allow":["GET"]}}],"collection":[{"href":"https:\/\/clg-joliot-curie-bagneux.ac-versailles.fr\/index.php?rest_route=\/wp\/v2\/pages"}],"about":[{"href":"https:\/\/clg-joliot-curie-bagneux.ac-versailles.fr\/index.php?rest_route=\/wp\/v2\/types\/page"}],"author":[{"embeddable":true,"href":"https:\/\/clg-joliot-curie-bagneux.ac-versailles.fr\/index.php?rest_route=\/wp\/v2\/users\/2273"}],"replies":[{"embeddable":true,"href":"https:\/\/clg-joliot-curie-bagneux.ac-versailles.fr\/index.php?rest_route=%2Fwp%2Fv2%2Fcomments&post=710"}],"version-history":[{"count":7,"href":"https:\/\/clg-joliot-curie-bagneux.ac-versailles.fr\/index.php?rest_route=\/wp\/v2\/pages\/710\/revisions"}],"predecessor-version":[{"id":1926,"href":"https:\/\/clg-joliot-curie-bagneux.ac-versailles.fr\/index.php?rest_route=\/wp\/v2\/pages\/710\/revisions\/1926"}],"up":[{"embeddable":true,"href":"https:\/\/clg-joliot-curie-bagneux.ac-versailles.fr\/index.php?rest_route=\/wp\/v2\/pages\/672"}],"wp:attachment":[{"href":"https:\/\/clg-joliot-curie-bagneux.ac-versailles.fr\/index.php?rest_route=%2Fwp%2Fv2%2Fmedia&parent=710"}],"curies":[{"name":"wp","href":"https:\/\/api.w.org\/{rel}","templated":true}]}}