{"id":783,"date":"2019-10-28T15:58:41","date_gmt":"2019-10-28T14:58:41","guid":{"rendered":"http:\/\/www.clg-joliot-curie-bagneux.ac-versailles.fr\/?page_id=783"},"modified":"2022-10-11T20:19:39","modified_gmt":"2022-10-11T18:19:39","slug":"potager","status":"publish","type":"page","link":"https:\/\/clg-joliot-curie-bagneux.ac-versailles.fr\/?page_id=783","title":{"rendered":"Potager"},"content":{"rendered":"<div class=\"pdfprnt-buttons pdfprnt-buttons-page pdfprnt-top-right\"><a href=\"https:\/\/clg-joliot-curie-bagneux.ac-versailles.fr\/index.php?rest_route=%2Fwp%2Fv2%2Fpages%2F783&print=pdf\" class=\"pdfprnt-button pdfprnt-button-pdf\" target=\"_blank\" ><img decoding=\"async\" src=\"https:\/\/clg-joliot-curie-bagneux.ac-versailles.fr\/wp-content\/plugins\/pdf-print\/images\/pdf.png\" alt=\"image_pdf\" title=\"Afficher le PDF\" \/><\/a><a href=\"https:\/\/clg-joliot-curie-bagneux.ac-versailles.fr\/index.php?rest_route=%2Fwp%2Fv2%2Fpages%2F783&print=print\" class=\"pdfprnt-button pdfprnt-button-print\" target=\"_blank\" ><img decoding=\"async\" src=\"https:\/\/clg-joliot-curie-bagneux.ac-versailles.fr\/wp-content\/plugins\/pdf-print\/images\/print.png\" alt=\"image_print\" title=\"Contenu imprim\u00e9\" \/><\/a><\/div><h2 style=\"text-align: center\"><span style=\"font-family: tahoma, arial, helvetica, sans-serif;color: #008000\"><strong>L&rsquo;atelier:\u00a0 Jeudi 12h30-13h30<\/strong><\/span><\/h2>\n<p style=\"text-align: center\"><span style=\"font-family: tahoma, arial, helvetica, sans-serif;color: #008000\"><strong>Cliquez sur l&rsquo;image pour d\u00e9couvrir les derni\u00e8res actus du club potager!<\/strong><\/span><a href=\"https:\/\/clg-joliot-curie-bagneux.ac-versailles.fr\/?page_id=2325\"><img fetchpriority=\"high\" decoding=\"async\" class=\" wp-image-1939 aligncenter\" src=\"https:\/\/clg-joliot-curie-bagneux.ac-versailles.fr\/wp-content\/uploads\/sites\/81\/2022\/09\/potager.jpg\" alt=\"\" width=\"577\" height=\"329\" srcset=\"https:\/\/clg-joliot-curie-bagneux.ac-versailles.fr\/wp-content\/uploads\/sites\/81\/2022\/09\/potager.jpg 640w, https:\/\/clg-joliot-curie-bagneux.ac-versailles.fr\/wp-content\/uploads\/sites\/81\/2022\/09\/potager-300x171.jpg 300w\" sizes=\"(max-width: 577px) 100vw, 577px\" \/><\/a><\/p>\n<p><span style=\"font-size: 14pt;color: #000000;font-family: tahoma, arial, helvetica, sans-serif\">Depuis 4ans, <strong>Mme Rickmounie<\/strong> professeure d&rsquo;S.V.T. propose aux \u00e9l\u00e8ves volontaires d&rsquo;entretenir et de cultiver plantes et l\u00e9gumes dans un coin de la cour du coll\u00e8ge. Depuis l&rsquo;ann\u00e9e derni\u00e8re, elle est accompagn\u00e9e par <strong>Mme Cazals.\u00a0<\/strong><\/span><br \/>\n<span style=\"font-size: 14pt;color: #000000;font-family: tahoma, arial, helvetica, sans-serif\">Divis\u00e9 en plusieurs <strong>carr\u00e9s potagers<\/strong>, et gr\u00e2ce \u00e0 plusieurs outils, les \u00e9l\u00e8ves s\u00e8ment et cultivent radis, courgettes, framboises, courges, bl\u00e9, salade, tomates, etc.<\/span><\/p>\n<p><span style=\"font-size: 14pt;color: #000000;font-family: tahoma, arial, helvetica, sans-serif\">L&rsquo;objectif de l&rsquo;atelier est d&rsquo;\u00e9duquer les \u00e9l\u00e8ves \u00e0 la patience, de leur apprendre comment poussent les plantes, et de favoriser une prise de conscience de l&rsquo;origine de la nourriture.<\/span><br \/>\n<span style=\"font-size: 14pt;color: #000000;font-family: tahoma, arial, helvetica, sans-serif\">Les \u00e9l\u00e8ves utilisent la technique du paillage, qui consiste \u00e0 r\u00e9cup\u00e9rer la paille des poules, pour en faire un tapis v\u00e9g\u00e9tal qui \u00e9vite la repousse des mauvaises herbes.<\/span><\/p>\n<p><span style=\"font-size: 14pt;color: #000000;font-family: tahoma, arial, helvetica, sans-serif\">Le coll\u00e8ge s&rsquo;est \u00e9galement dot\u00e9 de <strong>bacs \u00e0 compost<\/strong>, qui au bout de 6 mois, fournissent un apport pour le potager. La cantine, les \u00e9l\u00e8ves et les adultes du coll\u00e8ges peuvent les remplir r\u00e9guli\u00e8rement \u00e0 l&rsquo;aide de seaux individuels distribu\u00e9s.<\/span><\/p>\n<p><span style=\"font-size: 14pt;color: #000000;font-family: tahoma, arial, helvetica, sans-serif\"><strong>Le groupe d&rsquo;\u00e9l\u00e8ves inscrits suit l&rsquo;atelier tout au long de l&rsquo;ann\u00e9e, de la semence \u00e0 la r\u00e9colte.<\/strong><\/span><\/p>\n<p>&nbsp;<\/p>\n\r\n\t<div class=\"slideshow_container slideshow_container_style-light\" style=\"height: 500px; \" data-slideshow-id=\"826\" data-style-name=\"style-light\" data-style-version=\"2.3.1\" >\r\n\r\n\t\t\t\t\t<div class=\"slideshow_loading_icon\"><\/div>\r\n\t\t\r\n\t\t<div class=\"slideshow_content\" style=\"display: none;\">\r\n\r\n\t\t\t<div class=\"slideshow_view\">\r\n\t\t\t\t<div class=\"slideshow_slide slideshow_slide_image\">\r\n\t\t\t\t\t\t\t\t\t\t\t<img src=\"https:\/\/clg-joliot-curie-bagneux.ac-versailles.fr\/wp-content\/uploads\/sites\/81\/2019\/11\/IMG_0304.jpg\" alt=\"IMG_0304\" width=\"800\" height=\"600\" \/>\r\n\t\t\t\t\t\t\t\t\t\t<div class=\"slideshow_description_box slideshow_transparent\">\r\n\t\t\t\t\t\t<div class=\"slideshow_title\">IMG_0304<\/div>\t\t\t\t\t\t\t\t\t\t\t<\/div>\r\n\t\t\t\t<\/div>\r\n\r\n\t\t\t\t\t\t<div style=\"clear: both;\"><\/div><\/div><div class=\"slideshow_view\">\r\n\t\t\t\t<div class=\"slideshow_slide slideshow_slide_image\">\r\n\t\t\t\t\t\t\t\t\t\t\t<img src=\"https:\/\/clg-joliot-curie-bagneux.ac-versailles.fr\/wp-content\/uploads\/sites\/81\/2019\/11\/IMG_0282.jpg\" alt=\"IMG_0282\" width=\"600\" height=\"800\" \/>\r\n\t\t\t\t\t\t\t\t\t\t<div class=\"slideshow_description_box slideshow_transparent\">\r\n\t\t\t\t\t\t<div class=\"slideshow_title\">IMG_0282<\/div>\t\t\t\t\t\t\t\t\t\t\t<\/div>\r\n\t\t\t\t<\/div>\r\n\r\n\t\t\t\t\t\t<div style=\"clear: both;\"><\/div><\/div><div class=\"slideshow_view\">\r\n\t\t\t\t<div class=\"slideshow_slide slideshow_slide_image\">\r\n\t\t\t\t\t\t\t\t\t\t\t<img src=\"https:\/\/clg-joliot-curie-bagneux.ac-versailles.fr\/wp-content\/uploads\/sites\/81\/2019\/11\/IMG_0761.jpg\" alt=\"IMG_0761\" width=\"480\" height=\"640\" \/>\r\n\t\t\t\t\t\t\t\t\t\t<div class=\"slideshow_description_box slideshow_transparent\">\r\n\t\t\t\t\t\t<div class=\"slideshow_title\">IMG_0761<\/div>\t\t\t\t\t\t\t\t\t\t\t<\/div>\r\n\t\t\t\t<\/div>\r\n\r\n\t\t\t\t\t\t<div style=\"clear: both;\"><\/div><\/div><div class=\"slideshow_view\">\r\n\t\t\t\t<div class=\"slideshow_slide slideshow_slide_image\">\r\n\t\t\t\t\t\t\t\t\t\t\t<img src=\"https:\/\/clg-joliot-curie-bagneux.ac-versailles.fr\/wp-content\/uploads\/sites\/81\/2019\/11\/IMG_0690.jpg\" alt=\"IMG_0690\" width=\"640\" height=\"480\" \/>\r\n\t\t\t\t\t\t\t\t\t\t<div class=\"slideshow_description_box slideshow_transparent\">\r\n\t\t\t\t\t\t<div class=\"slideshow_title\">IMG_0690<\/div>\t\t\t\t\t\t\t\t\t\t\t<\/div>\r\n\t\t\t\t<\/div>\r\n\r\n\t\t\t\t\t\t<div style=\"clear: both;\"><\/div><\/div>\r\n\t\t<\/div>\r\n\r\n\t\t<div class=\"slideshow_controlPanel slideshow_transparent\" style=\"display: none;\"><ul><li class=\"slideshow_togglePlay\" data-play-text=\"Play\" data-pause-text=\"Pause\"><\/li><\/ul><\/div>\r\n\r\n\t\t<div class=\"slideshow_button slideshow_previous slideshow_transparent\" role=\"button\" data-previous-text=\"Pr\u00e9c\u00e9dent\" style=\"display: none;\"><\/div>\r\n\t\t<div class=\"slideshow_button slideshow_next slideshow_transparent\" role=\"button\" data-next-text=\"Suivant\" style=\"display: none;\"><\/div>\r\n\r\n\t\t<div class=\"slideshow_pagination\" style=\"display: none;\" data-go-to-text=\"Go to slide\"><div class=\"slideshow_pagination_center\"><\/div><\/div>\r\n\r\n\t\t<!-- WordPress Slideshow Version 2.3.1 -->\r\n\r\n\t\t\t<\/div>\r\n\r\n\n<p>&nbsp;<\/p>\n","protected":false},"excerpt":{"rendered":"<p>L&rsquo;atelier:\u00a0 Jeudi 12h30-13h30 Cliquez sur l&rsquo;image pour d\u00e9couvrir les derni\u00e8res actus du club potager! Depuis 4ans, Mme Rickmounie professeure d&rsquo;S.V.T. propose aux \u00e9l\u00e8ves volontaires d&rsquo;entretenir et de cultiver plantes et l\u00e9gumes dans un coin de la cour du coll\u00e8ge. Depuis l&rsquo;ann\u00e9e derni\u00e8re, elle est accompagn\u00e9e par Mme Cazals.\u00a0 Divis\u00e9 en plusieurs carr\u00e9s potagers, et gr\u00e2ce [&hellip;]<\/p>\n","protected":false},"author":2274,"featured_media":0,"parent":687,"menu_order":0,"comment_status":"closed","ping_status":"closed","template":"","meta":{"footnotes":""},"class_list":["post-783","page","type-page","status-publish","hentry"],"_links":{"self":[{"href":"https:\/\/clg-joliot-curie-bagneux.ac-versailles.fr\/index.php?rest_route=\/wp\/v2\/pages\/783","targetHints":{"allow":["GET"]}}],"collection":[{"href":"https:\/\/clg-joliot-curie-bagneux.ac-versailles.fr\/index.php?rest_route=\/wp\/v2\/pages"}],"about":[{"href":"https:\/\/clg-joliot-curie-bagneux.ac-versailles.fr\/index.php?rest_route=\/wp\/v2\/types\/page"}],"author":[{"embeddable":true,"href":"https:\/\/clg-joliot-curie-bagneux.ac-versailles.fr\/index.php?rest_route=\/wp\/v2\/users\/2274"}],"replies":[{"embeddable":true,"href":"https:\/\/clg-joliot-curie-bagneux.ac-versailles.fr\/index.php?rest_route=%2Fwp%2Fv2%2Fcomments&post=783"}],"version-history":[{"count":10,"href":"https:\/\/clg-joliot-curie-bagneux.ac-versailles.fr\/index.php?rest_route=\/wp\/v2\/pages\/783\/revisions"}],"predecessor-version":[{"id":2329,"href":"https:\/\/clg-joliot-curie-bagneux.ac-versailles.fr\/index.php?rest_route=\/wp\/v2\/pages\/783\/revisions\/2329"}],"up":[{"embeddable":true,"href":"https:\/\/clg-joliot-curie-bagneux.ac-versailles.fr\/index.php?rest_route=\/wp\/v2\/pages\/687"}],"wp:attachment":[{"href":"https:\/\/clg-joliot-curie-bagneux.ac-versailles.fr\/index.php?rest_route=%2Fwp%2Fv2%2Fmedia&parent=783"}],"curies":[{"name":"wp","href":"https:\/\/api.w.org\/{rel}","templated":true}]}}