{"id":808,"date":"2019-10-31T18:38:07","date_gmt":"2019-10-31T17:38:07","guid":{"rendered":"http:\/\/www.clg-joliot-curie-bagneux.ac-versailles.fr\/?page_id=808"},"modified":"2024-09-23T10:45:09","modified_gmt":"2024-09-23T08:45:09","slug":"association-sportive-a-s","status":"publish","type":"page","link":"https:\/\/clg-joliot-curie-bagneux.ac-versailles.fr\/?page_id=808","title":{"rendered":"Association Sportive (A.S.)"},"content":{"rendered":"<div class=\"pdfprnt-buttons pdfprnt-buttons-page pdfprnt-top-right\"><a href=\"https:\/\/clg-joliot-curie-bagneux.ac-versailles.fr\/index.php?rest_route=%2Fwp%2Fv2%2Fpages%2F808&print=pdf\" class=\"pdfprnt-button pdfprnt-button-pdf\" target=\"_blank\" ><img decoding=\"async\" src=\"https:\/\/clg-joliot-curie-bagneux.ac-versailles.fr\/wp-content\/plugins\/pdf-print\/images\/pdf.png\" alt=\"image_pdf\" title=\"Afficher le PDF\" \/><\/a><a href=\"https:\/\/clg-joliot-curie-bagneux.ac-versailles.fr\/index.php?rest_route=%2Fwp%2Fv2%2Fpages%2F808&print=print\" class=\"pdfprnt-button pdfprnt-button-print\" target=\"_blank\" ><img decoding=\"async\" src=\"https:\/\/clg-joliot-curie-bagneux.ac-versailles.fr\/wp-content\/plugins\/pdf-print\/images\/print.png\" alt=\"image_print\" title=\"Contenu imprim\u00e9\" \/><\/a><\/div><p><img fetchpriority=\"high\" decoding=\"async\" class=\" wp-image-1981 aligncenter\" src=\"https:\/\/clg-joliot-curie-bagneux.ac-versailles.fr\/wp-content\/uploads\/sites\/81\/2022\/09\/logo-as-282x300.png\" alt=\"\" width=\"455\" height=\"484\" srcset=\"https:\/\/clg-joliot-curie-bagneux.ac-versailles.fr\/wp-content\/uploads\/sites\/81\/2022\/09\/logo-as-282x300.png 282w, https:\/\/clg-joliot-curie-bagneux.ac-versailles.fr\/wp-content\/uploads\/sites\/81\/2022\/09\/logo-as.png 675w\" sizes=\"(max-width: 455px) 100vw, 455px\" \/><\/p>\n<p>&nbsp;<\/p>\n<p>L&rsquo;association sportive (AS) du coll\u00e8ge Joliot Curie propose :<\/p>\n<ul>\n<li><span class=\"JsGRdQ\">Une multitude d&rsquo;activit\u00e9s physiques et sportives ;<\/span><\/li>\n<li><span class=\"JsGRdQ\">La possibilit\u00e9 d&rsquo;am\u00e9liorer sa pratique personnelle en prenant un max de plaisir ;<\/span><\/li>\n<li><span class=\"JsGRdQ\">L&rsquo;acc\u00e8s \u00e0 des sorties culturelles et sportives tout au long de l&rsquo;ann\u00e9e ;<\/span><\/li>\n<li><span class=\"JsGRdQ\">Une formation au parcours citoyen : recrutement des jeunes officiels qui exerceront les r\u00f4les d&rsquo;arbitres, reporters, juges, coachs, capitaines, secouristes, \u00e9co responsables, interpr\u00e8tes, dirigeants, organisateurs<\/span>.<\/li>\n<\/ul>\n<p>L&rsquo;association sportive est g\u00e9r\u00e9e par l&rsquo;\u00e9quipe EPS compos\u00e9e de Mmes Berrehar et Chavoix ainsi que Monsieur Saadoune.<\/p>\n","protected":false},"excerpt":{"rendered":"<p>&nbsp; L&rsquo;association sportive (AS) du coll\u00e8ge Joliot Curie propose : Une multitude d&rsquo;activit\u00e9s physiques et sportives ; La possibilit\u00e9 d&rsquo;am\u00e9liorer sa pratique personnelle en prenant un max de plaisir ; L&rsquo;acc\u00e8s \u00e0 des sorties culturelles et sportives tout au long de l&rsquo;ann\u00e9e ; Une formation au parcours citoyen : recrutement des jeunes officiels qui exerceront [&hellip;]<\/p>\n","protected":false},"author":2274,"featured_media":0,"parent":687,"menu_order":0,"comment_status":"closed","ping_status":"closed","template":"","meta":{"footnotes":""},"class_list":["post-808","page","type-page","status-publish","hentry"],"_links":{"self":[{"href":"https:\/\/clg-joliot-curie-bagneux.ac-versailles.fr\/index.php?rest_route=\/wp\/v2\/pages\/808","targetHints":{"allow":["GET"]}}],"collection":[{"href":"https:\/\/clg-joliot-curie-bagneux.ac-versailles.fr\/index.php?rest_route=\/wp\/v2\/pages"}],"about":[{"href":"https:\/\/clg-joliot-curie-bagneux.ac-versailles.fr\/index.php?rest_route=\/wp\/v2\/types\/page"}],"author":[{"embeddable":true,"href":"https:\/\/clg-joliot-curie-bagneux.ac-versailles.fr\/index.php?rest_route=\/wp\/v2\/users\/2274"}],"replies":[{"embeddable":true,"href":"https:\/\/clg-joliot-curie-bagneux.ac-versailles.fr\/index.php?rest_route=%2Fwp%2Fv2%2Fcomments&post=808"}],"version-history":[{"count":9,"href":"https:\/\/clg-joliot-curie-bagneux.ac-versailles.fr\/index.php?rest_route=\/wp\/v2\/pages\/808\/revisions"}],"predecessor-version":[{"id":3925,"href":"https:\/\/clg-joliot-curie-bagneux.ac-versailles.fr\/index.php?rest_route=\/wp\/v2\/pages\/808\/revisions\/3925"}],"up":[{"embeddable":true,"href":"https:\/\/clg-joliot-curie-bagneux.ac-versailles.fr\/index.php?rest_route=\/wp\/v2\/pages\/687"}],"wp:attachment":[{"href":"https:\/\/clg-joliot-curie-bagneux.ac-versailles.fr\/index.php?rest_route=%2Fwp%2Fv2%2Fmedia&parent=808"}],"curies":[{"name":"wp","href":"https:\/\/api.w.org\/{rel}","templated":true}]}}